{"id":3401,"date":"2024-08-02T16:44:23","date_gmt":"2024-08-02T16:44:23","guid":{"rendered":"https:\/\/www.delacocinaalahuerta.es\/producto\/gg600\/"},"modified":"2024-08-02T16:44:23","modified_gmt":"2024-08-02T16:44:23","slug":"gg600","status":"publish","type":"product","link":"https:\/\/www.delacocinaalahuerta.es\/ca\/producto\/gg600\/","title":{"rendered":"GG600"},"content":{"rendered":"<h2 data-start=\"90\" data-end=\"162\"><strong data-start=\"94\" data-end=\"160\">Processa fins a 2.000 kg de residus en compost en nom\u00e9s 24 hores<\/strong><\/h2>\n<p data-start=\"164\" data-end=\"579\">La <strong data-start=\"167\" data-end=\"227\">compostadora industrial de gran capacitat GG600 d&#8217;Oklin<\/strong> est\u00e0 dissenyada per a <strong data-start=\"247\" data-end=\"343\">gestors de residus, restaurants, escoles, hospitals, hotels i plataformes petrol\u00edferes<\/strong> que generen <strong data-start=\"356\" data-end=\"399\">grans volums de residus org\u00e0nics<\/strong> . Amb una capacitat de fins a <strong data-start=\"428\" data-end=\"448\">2.000 kg diaris<\/strong> , transforma les deixalles en <strong data-start=\"477\" data-end=\"504\">compost d&#8217;alta qualitat<\/strong> en nom\u00e9s <strong data-start=\"513\" data-end=\"525\">24 hores<\/strong> , sense olors i amb un consum energ\u00e8tic optimitzat. <\/p>\n<h2 data-start=\"581\" data-end=\"652\"><strong data-start=\"584\" data-end=\"650\">Avantatges de la compostadora industrial de gran capacitat GG600<\/strong><\/h2>\n<ul data-start=\"654\" data-end=\"1145\">\n<li data-start=\"654\" data-end=\"742\"><strong data-start=\"656\" data-end=\"674\">Alta capacitat<\/strong> : Processa entre <strong data-start=\"690\" data-end=\"739\">1.500 i 2.000 kg de residus org\u00e0nics al dia<\/strong> .<\/li>\n<li data-start=\"743\" data-end=\"825\"><strong data-start=\"745\" data-end=\"766\">Compostatge r\u00e0pid<\/strong> : Conversi\u00f3 de residus en <strong data-start=\"794\" data-end=\"822\">compost en nom\u00e9s 24 hores<\/strong> .<\/li>\n<li data-start=\"826\" data-end=\"895\"><strong data-start=\"828\" data-end=\"842\">Sense olors<\/strong> : Sistema avan\u00e7at de filtrat i control d&#8217;olors.<\/li>\n<li data-start=\"896\" data-end=\"973\"><strong data-start=\"898\" data-end=\"923\">Efici\u00e8ncia energ\u00e8tica<\/strong> : Mode estalvi que optimitza el consum el\u00e8ctric.<\/li>\n<li data-start=\"974\" data-end=\"1053\"><strong data-start=\"976\" data-end=\"996\">M\u00e0xima seguretat<\/strong> : Parada d&#8217;emerg\u00e8ncia i detenci\u00f3 autom\u00e0tica d&#8217;aspes.<\/li>\n<li data-start=\"1054\" data-end=\"1145\"><strong data-start=\"1056\" data-end=\"1082\">Higienitzaci\u00f3 avan\u00e7ada<\/strong> : Tecnologia especialitzada per garantir un compost segur.<\/li>\n<\/ul>\n<h2 data-start=\"1356\" data-end=\"1395\"><strong data-start=\"1359\" data-end=\"1393\">On es pot fer servir la GG600?<\/strong><\/h2>\n<ul data-start=\"1397\" data-end=\"1909\">\n<li data-start=\"1397\" data-end=\"1502\"><strong data-start=\"1399\" data-end=\"1423\">Gestors de residus<\/strong> \u2013 Soluci\u00f3 eficient per al processament de grans volums de deixalles.<\/li>\n<li data-start=\"1503\" data-end=\"1591\"><strong data-start=\"1505\" data-end=\"1531\">Restaurants i hotels<\/strong> \u2013 Gesti\u00f3 sostenible de residus a cuines industrials.<\/li>\n<li data-start=\"1592\" data-end=\"1688\"><strong data-start=\"1594\" data-end=\"1619\">Escoles i hospitals<\/strong> \u2013 Reducci\u00f3 de residus org\u00e0nics en institucions de grans dimensions.<\/li>\n<li data-start=\"1689\" data-end=\"1799\"><strong data-start=\"1691\" data-end=\"1724\">Centres comercials i botigues<\/strong> &#8211; Compostatge eficient de deixalles d&#8217;aliments i productes peribles.<\/li>\n<li data-start=\"1800\" data-end=\"1909\"><strong data-start=\"1802\" data-end=\"1852\">Plataformes petrol\u00edferes i campaments miners<\/strong> \u2013 Gesti\u00f3 optimitzada de residus en entorns a\u00efllats.<\/li>\n<\/ul>\n<h2 data-start=\"1911\" data-end=\"1984\"><strong data-start=\"1914\" data-end=\"1982\">Transforma grans volums de residus en compost amb la GG600<\/strong><\/h2>\n<p data-start=\"1986\" data-end=\"2144\">Optimitza la gesti\u00f3 de deixalles org\u00e0niques i aposta per la sostenibilitat. <strong data-start=\"2061\" data-end=\"2142\">Demana m\u00e9s informaci\u00f3 i descobreix com la GG600 pot millorar la teva operaci\u00f3.<\/strong><\/p>\n","protected":false},"excerpt":{"rendered":"<h1 style=\"padding-left: 40px;\">Compostadora Industrial<\/h1>\n","protected":false},"featured_media":2012,"comment_status":"closed","ping_status":"closed","template":"","meta":{"site-sidebar-layout":"default","site-content-layout":"default","ast-site-content-layout":"default","site-content-style":"default","site-sidebar-style":"default","ast-global-header-display":"","ast-banner-title-visibility":"","ast-main-header-display":"","ast-hfb-above-header-display":"","ast-hfb-below-header-display":"","ast-hfb-mobile-header-display":"","site-post-title":"","ast-breadcrumbs-content":"","ast-featured-img":"","footer-sml-layout":"","theme-transparent-header-meta":"default","adv-header-id-meta":"","stick-header-meta":"","header-above-stick-meta":"","header-main-stick-meta":"","header-below-stick-meta":"","astra-migrate-meta-layouts":"default","ast-page-background-enabled":"default","ast-page-background-meta":{"desktop":{"background-color":"var(--ast-global-color-4)","background-image":"","background-repeat":"repeat","background-position":"center center","background-size":"auto","background-attachment":"scroll","background-type":"","background-media":"","overlay-type":"","overlay-color":"","overlay-opacity":"","overlay-gradient":""},"tablet":{"background-color":"","background-image":"","background-repeat":"repeat","background-position":"center center","background-size":"auto","background-attachment":"scroll","background-type":"","background-media":"","overlay-type":"","overlay-color":"","overlay-opacity":"","overlay-gradient":""},"mobile":{"background-color":"","background-image":"","background-repeat":"repeat","background-position":"center center","background-size":"auto","background-attachment":"scroll","background-type":"","background-media":"","overlay-type":"","overlay-color":"","overlay-opacity":"","overlay-gradient":""}},"ast-content-background-meta":{"desktop":{"background-color":"var(--ast-global-color-5)","background-image":"","background-repeat":"repeat","background-position":"center center","background-size":"auto","background-attachment":"scroll","background-type":"","background-media":"","overlay-type":"","overlay-color":"","overlay-opacity":"","overlay-gradient":""},"tablet":{"background-color":"var(--ast-global-color-5)","background-image":"","background-repeat":"repeat","background-position":"center center","background-size":"auto","background-attachment":"scroll","background-type":"","background-media":"","overlay-type":"","overlay-color":"","overlay-opacity":"","overlay-gradient":""},"mobile":{"background-color":"var(--ast-global-color-5)","background-image":"","background-repeat":"repeat","background-position":"center center","background-size":"auto","background-attachment":"scroll","background-type":"","background-media":"","overlay-type":"","overlay-color":"","overlay-opacity":"","overlay-gradient":""}}},"product_brand":[],"product_cat":[69,71],"product_tag":[77],"class_list":{"0":"post-3401","1":"product","2":"type-product","3":"status-publish","4":"has-post-thumbnail","6":"product_cat-gamma-gran","7":"product_cat-gamma-industrial","8":"product_tag-industrial-gran","9":"desktop-align-left","10":"tablet-align-left","11":"mobile-align-left","13":"first","14":"instock","15":"shipping-taxable","16":"product-type-simple"},"_links":{"self":[{"href":"https:\/\/www.delacocinaalahuerta.es\/ca\/wp-json\/wp\/v2\/product\/3401","targetHints":{"allow":["GET"]}}],"collection":[{"href":"https:\/\/www.delacocinaalahuerta.es\/ca\/wp-json\/wp\/v2\/product"}],"about":[{"href":"https:\/\/www.delacocinaalahuerta.es\/ca\/wp-json\/wp\/v2\/types\/product"}],"replies":[{"embeddable":true,"href":"https:\/\/www.delacocinaalahuerta.es\/ca\/wp-json\/wp\/v2\/comments?post=3401"}],"wp:featuredmedia":[{"embeddable":true,"href":"https:\/\/www.delacocinaalahuerta.es\/ca\/wp-json\/wp\/v2\/media\/2012"}],"wp:attachment":[{"href":"https:\/\/www.delacocinaalahuerta.es\/ca\/wp-json\/wp\/v2\/media?parent=3401"}],"wp:term":[{"taxonomy":"product_brand","embeddable":true,"href":"https:\/\/www.delacocinaalahuerta.es\/ca\/wp-json\/wp\/v2\/product_brand?post=3401"},{"taxonomy":"product_cat","embeddable":true,"href":"https:\/\/www.delacocinaalahuerta.es\/ca\/wp-json\/wp\/v2\/product_cat?post=3401"},{"taxonomy":"product_tag","embeddable":true,"href":"https:\/\/www.delacocinaalahuerta.es\/ca\/wp-json\/wp\/v2\/product_tag?post=3401"}],"curies":[{"name":"wp","href":"https:\/\/api.w.org\/{rel}","templated":true}]}}