{"id":3403,"date":"2022-11-04T12:03:17","date_gmt":"2022-11-04T12:03:17","guid":{"rendered":"https:\/\/www.delacocinaalahuerta.es\/producto\/gg500\/"},"modified":"2022-11-04T12:03:17","modified_gmt":"2022-11-04T12:03:17","slug":"gg500","status":"publish","type":"product","link":"https:\/\/www.delacocinaalahuerta.es\/ca\/producto\/gg500\/","title":{"rendered":"GG500"},"content":{"rendered":"<h2 data-start=\"280\" data-end=\"352\"><strong data-start=\"284\" data-end=\"350\">Processa fins a 1.500 kg de residus en compost en nom\u00e9s 24 hores<\/strong><\/h2>\n<p data-start=\"354\" data-end=\"800\">La <strong data-start=\"357\" data-end=\"411\">compostadora per a grans volums GG500 d&#8217;Oklin<\/strong> est\u00e0 dissenyada per gestionar <strong data-start=\"441\" data-end=\"482\">alts volums de residus org\u00e0nics<\/strong> a hospitals, supermercats, hotels, restaurants, centres comercials i entorns industrials com plataformes petrol\u00edferes i campaments miners. Gr\u00e0cies a la seva tecnologia avan\u00e7ada, transforma les deixalles en <strong data-start=\"694\" data-end=\"736\">compost d&#8217;alta qualitat en nom\u00e9s un dia.<\/strong> <\/p>\n<h2 data-start=\"802\" data-end=\"867\"><strong data-start=\"805\" data-end=\"865\">Avantatges de la compostadora per a grans volums GG500<\/strong><\/h2>\n<ul data-start=\"869\" data-end=\"1499\">\n<li data-start=\"869\" data-end=\"947\"><strong data-start=\"871\" data-end=\"889\">Alta capacitat<\/strong> : Processa entre <strong data-start=\"905\" data-end=\"944\">1.300 i 1.500 kg de residus al dia<\/strong> .<\/li>\n<li data-start=\"948\" data-end=\"1025\"><strong data-start=\"950\" data-end=\"971\">Compostatge r\u00e0pid<\/strong> : Converteix les deixalles en compost en <strong data-start=\"1010\" data-end=\"1022\">24 hores<\/strong> .<\/li>\n<li data-start=\"1026\" data-end=\"1095\"><strong data-start=\"1028\" data-end=\"1042\">Sense olors<\/strong> : Sistema avan\u00e7at de filtrat i control d&#8217;olors.<\/li>\n<li data-start=\"1096\" data-end=\"1183\"><strong data-start=\"1098\" data-end=\"1123\">Efici\u00e8ncia energ\u00e8tica<\/strong> : Tecnologia optimitzada per reduir el consum el\u00e8ctric.<\/li>\n<li data-start=\"1184\" data-end=\"1263\"><strong data-start=\"1186\" data-end=\"1216\">Tapa d&#8217;entrada autom\u00e0tica<\/strong> : Facilita la c\u00e0rrega de residus sense esfor\u00e7.<\/li>\n<li data-start=\"1264\" data-end=\"1335\"><strong data-start=\"1266\" data-end=\"1287\">Cambra infraroja<\/strong> : Millora el control del proc\u00e9s de compostatge.<\/li>\n<li data-start=\"1336\" data-end=\"1415\"><strong data-start=\"1338\" data-end=\"1358\">M\u00e0xima seguretat<\/strong> : Parada d&#8217;emerg\u00e8ncia i detenci\u00f3 autom\u00e0tica d&#8217;aspes.<\/li>\n<li data-start=\"1416\" data-end=\"1499\"><strong data-start=\"1418\" data-end=\"1450\">Voltejador de cubs integrat<\/strong> : Optimitza la c\u00e0rrega i manipulaci\u00f3 de residus.<\/li>\n<\/ul>\n<h2 data-start=\"1896\" data-end=\"1935\"><strong data-start=\"1899\" data-end=\"1933\">On es pot fer servir la GG500?<\/strong><\/h2>\n<ul data-start=\"1937\" data-end=\"2586\">\n<li data-start=\"1937\" data-end=\"2009\"><strong data-start=\"1939\" data-end=\"1953\">Hospitals<\/strong> \u2013 Gesti\u00f3 eficient de residus sanitaris org\u00e0nics.<\/li>\n<li data-start=\"2010\" data-end=\"2095\"><strong data-start=\"2012\" data-end=\"2029\">Supermercats<\/strong> \u2013 Reducci\u00f3 del malbaratament de productes frescos a gran escala.<\/li>\n<li data-start=\"2096\" data-end=\"2187\"><strong data-start=\"2098\" data-end=\"2109\">Hotels<\/strong> \u2013 Optimitzaci\u00f3 de la gesti\u00f3 de residus a cuines industrials i buffets.<\/li>\n<li data-start=\"2188\" data-end=\"2271\"><strong data-start=\"2190\" data-end=\"2206\">Restaurants<\/strong> \u2013 Compostatge automatitzat per minimitzar limpacte ambiental.<\/li>\n<li data-start=\"2272\" data-end=\"2370\"><strong data-start=\"2274\" data-end=\"2300\">Resid\u00e8ncies i col\u00b7legis<\/strong> \u2013 Implementaci\u00f3 d\u201fun proc\u00e9s sostenible de reducci\u00f3 de residus.<\/li>\n<li data-start=\"2371\" data-end=\"2461\"><strong data-start=\"2373\" data-end=\"2406\">Centres comercials i botigues<\/strong> \u2013 Maneig de grans volums de deixalles org\u00e0niques.<\/li>\n<li data-start=\"2462\" data-end=\"2586\"><strong data-start=\"2464\" data-end=\"2514\">Plataformes petrol\u00edferes i campaments miners<\/strong> \u2013 Soluci\u00f3 eficient per a la gesti\u00f3 de residus en entorns remots.<\/li>\n<\/ul>\n<h2 data-start=\"2588\" data-end=\"2661\"><strong data-start=\"2591\" data-end=\"2659\">Transforma grans volums de residus en compost amb la GG500<\/strong><\/h2>\n<p data-start=\"2663\" data-end=\"2819\">Optimitza la gesti\u00f3 de deixalles org\u00e0niques i aposta per la sostenibilitat. <strong data-start=\"2738\" data-end=\"2817\">Demana m\u00e9s informaci\u00f3 i descobreix com la GG500 pot millorar el teu negoci.<\/strong><\/p>\n","protected":false},"excerpt":{"rendered":"<h1>Compostadora<\/h1>\n","protected":false},"featured_media":3126,"comment_status":"closed","ping_status":"closed","template":"","meta":{"site-sidebar-layout":"default","site-content-layout":"default","ast-site-content-layout":"default","site-content-style":"default","site-sidebar-style":"default","ast-global-header-display":"","ast-banner-title-visibility":"","ast-main-header-display":"","ast-hfb-above-header-display":"","ast-hfb-below-header-display":"","ast-hfb-mobile-header-display":"","site-post-title":"","ast-breadcrumbs-content":"","ast-featured-img":"","footer-sml-layout":"","theme-transparent-header-meta":"default","adv-header-id-meta":"","stick-header-meta":"","header-above-stick-meta":"","header-main-stick-meta":"","header-below-stick-meta":"","astra-migrate-meta-layouts":"default","ast-page-background-enabled":"default","ast-page-background-meta":{"desktop":{"background-color":"var(--ast-global-color-4)","background-image":"","background-repeat":"repeat","background-position":"center center","background-size":"auto","background-attachment":"scroll","background-type":"","background-media":"","overlay-type":"","overlay-color":"","overlay-opacity":"","overlay-gradient":""},"tablet":{"background-color":"","background-image":"","background-repeat":"repeat","background-position":"center center","background-size":"auto","background-attachment":"scroll","background-type":"","background-media":"","overlay-type":"","overlay-color":"","overlay-opacity":"","overlay-gradient":""},"mobile":{"background-color":"","background-image":"","background-repeat":"repeat","background-position":"center center","background-size":"auto","background-attachment":"scroll","background-type":"","background-media":"","overlay-type":"","overlay-color":"","overlay-opacity":"","overlay-gradient":""}},"ast-content-background-meta":{"desktop":{"background-color":"var(--ast-global-color-5)","background-image":"","background-repeat":"repeat","background-position":"center center","background-size":"auto","background-attachment":"scroll","background-type":"","background-media":"","overlay-type":"","overlay-color":"","overlay-opacity":"","overlay-gradient":""},"tablet":{"background-color":"var(--ast-global-color-5)","background-image":"","background-repeat":"repeat","background-position":"center center","background-size":"auto","background-attachment":"scroll","background-type":"","background-media":"","overlay-type":"","overlay-color":"","overlay-opacity":"","overlay-gradient":""},"mobile":{"background-color":"var(--ast-global-color-5)","background-image":"","background-repeat":"repeat","background-position":"center center","background-size":"auto","background-attachment":"scroll","background-type":"","background-media":"","overlay-type":"","overlay-color":"","overlay-opacity":"","overlay-gradient":""}}},"product_brand":[],"product_cat":[71],"product_tag":[77],"class_list":{"0":"post-3403","1":"product","2":"type-product","3":"status-publish","4":"has-post-thumbnail","6":"product_cat-gamma-industrial","7":"product_tag-industrial-gran","8":"desktop-align-left","9":"tablet-align-left","10":"mobile-align-left","12":"first","13":"instock","14":"shipping-taxable","15":"product-type-simple"},"_links":{"self":[{"href":"https:\/\/www.delacocinaalahuerta.es\/ca\/wp-json\/wp\/v2\/product\/3403","targetHints":{"allow":["GET"]}}],"collection":[{"href":"https:\/\/www.delacocinaalahuerta.es\/ca\/wp-json\/wp\/v2\/product"}],"about":[{"href":"https:\/\/www.delacocinaalahuerta.es\/ca\/wp-json\/wp\/v2\/types\/product"}],"replies":[{"embeddable":true,"href":"https:\/\/www.delacocinaalahuerta.es\/ca\/wp-json\/wp\/v2\/comments?post=3403"}],"wp:featuredmedia":[{"embeddable":true,"href":"https:\/\/www.delacocinaalahuerta.es\/ca\/wp-json\/wp\/v2\/media\/3126"}],"wp:attachment":[{"href":"https:\/\/www.delacocinaalahuerta.es\/ca\/wp-json\/wp\/v2\/media?parent=3403"}],"wp:term":[{"taxonomy":"product_brand","embeddable":true,"href":"https:\/\/www.delacocinaalahuerta.es\/ca\/wp-json\/wp\/v2\/product_brand?post=3403"},{"taxonomy":"product_cat","embeddable":true,"href":"https:\/\/www.delacocinaalahuerta.es\/ca\/wp-json\/wp\/v2\/product_cat?post=3403"},{"taxonomy":"product_tag","embeddable":true,"href":"https:\/\/www.delacocinaalahuerta.es\/ca\/wp-json\/wp\/v2\/product_tag?post=3403"}],"curies":[{"name":"wp","href":"https:\/\/api.w.org\/{rel}","templated":true}]}}